{"id":543,"date":"2023-11-29T21:16:52","date_gmt":"2023-11-29T20:16:52","guid":{"rendered":"https:\/\/www.boyokan-aikido.cz\/?page_id=543"},"modified":"2026-01-30T15:10:28","modified_gmt":"2026-01-30T14:10:28","slug":"ke-stazeni","status":"publish","type":"page","link":"https:\/\/www.boyokan-aikido.cz\/cs\/ke-stazeni\/","title":{"rendered":"Ke sta\u017een\u00ed"},"content":{"rendered":"<style>.elementor-543 .elementor-element.elementor-element-33baa0ac:not(.elementor-motion-effects-element-type-background), .elementor-543 .elementor-element.elementor-element-33baa0ac > .elementor-motion-effects-container > .elementor-motion-effects-layer{background-image:url(\"https:\/\/www.boyokan-aikido.cz\/wp-content\/uploads\/2023\/11\/empty-concrete-background-texture-surface-XU2PDK4.jpg\");background-position:top center;background-repeat:no-repeat;background-size:cover;}.elementor-543 .elementor-element.elementor-element-33baa0ac > .elementor-background-overlay{background-color:transparent;background-image:radial-gradient(at top left, var( --e-global-color-primary ) 0%, var( --e-global-color-secondary ) 100%);opacity:0.7;transition:background 0.3s, border-radius 0.3s, opacity 0.3s;}.elementor-543 .elementor-element.elementor-element-33baa0ac > .elementor-container{max-width:1200px;}.elementor-543 .elementor-element.elementor-element-33baa0ac{border-style:solid;border-width:0px 50px 0px 50px;border-color:var( --e-global-color-da5f5bf );transition:background 0.3s, border 0.3s, border-radius 0.3s, box-shadow 0.3s;padding:100px 0px 100px 0px;}.elementor-543 .elementor-element.elementor-element-434cbce1{text-align:center;}.elementor-543 .elementor-element.elementor-element-434cbce1 .elementor-heading-title{font-family:var( --e-global-typography-177bb3f-font-family ), Sans-serif;font-size:var( --e-global-typography-177bb3f-font-size );font-weight:var( --e-global-typography-177bb3f-font-weight );text-transform:var( --e-global-typography-177bb3f-text-transform );line-height:var( --e-global-typography-177bb3f-line-height );word-spacing:var( --e-global-typography-177bb3f-word-spacing );color:var( --e-global-color-da5f5bf );}.elementor-543 .elementor-element.elementor-element-7ac984e1 .elementor-icon-list-items:not(.elementor-inline-items) .elementor-icon-list-item:not(:last-child){padding-block-end:calc(15px\/2);}.elementor-543 .elementor-element.elementor-element-7ac984e1 .elementor-icon-list-items:not(.elementor-inline-items) .elementor-icon-list-item:not(:first-child){margin-block-start:calc(15px\/2);}.elementor-543 .elementor-element.elementor-element-7ac984e1 .elementor-icon-list-items.elementor-inline-items .elementor-icon-list-item{margin-inline:calc(15px\/2);}.elementor-543 .elementor-element.elementor-element-7ac984e1 .elementor-icon-list-items.elementor-inline-items{margin-inline:calc(-15px\/2);}.elementor-543 .elementor-element.elementor-element-7ac984e1 .elementor-icon-list-items.elementor-inline-items .elementor-icon-list-item:after{inset-inline-end:calc(-15px\/2);}.elementor-543 .elementor-element.elementor-element-7ac984e1 .elementor-icon-list-icon i{color:var( --e-global-color-accent );transition:color 0.3s;}.elementor-543 .elementor-element.elementor-element-7ac984e1 .elementor-icon-list-icon svg{fill:var( --e-global-color-accent );transition:fill 0.3s;}.elementor-543 .elementor-element.elementor-element-7ac984e1{--e-icon-list-icon-size:6px;--icon-vertical-offset:0px;}.elementor-543 .elementor-element.elementor-element-7ac984e1 .elementor-icon-list-icon{padding-inline-end:15px;}.elementor-543 .elementor-element.elementor-element-7ac984e1 .elementor-icon-list-item > .elementor-icon-list-text, .elementor-543 .elementor-element.elementor-element-7ac984e1 .elementor-icon-list-item > a{font-family:var( --e-global-typography-8bae635-font-family ), Sans-serif;font-size:var( --e-global-typography-8bae635-font-size );font-weight:var( --e-global-typography-8bae635-font-weight );}.elementor-543 .elementor-element.elementor-element-7ac984e1 .elementor-icon-list-text{color:var( --e-global-color-e62dc39 );transition:color 0.3s;}.elementor-543 .elementor-element.elementor-element-57bd7a47 > .elementor-container > .elementor-column > .elementor-widget-wrap{align-content:center;align-items:center;}.elementor-543 .elementor-element.elementor-element-57bd7a47 > .elementor-container{max-width:1200px;}.elementor-543 .elementor-element.elementor-element-57bd7a47{padding:100px 0px 100px 0px;}.elementor-bc-flex-widget .elementor-543 .elementor-element.elementor-element-3696b964.elementor-column .elementor-widget-wrap{align-items:center;}.elementor-543 .elementor-element.elementor-element-3696b964.elementor-column.elementor-element[data-element_type=\"column\"] > .elementor-widget-wrap.elementor-element-populated{align-content:center;align-items:center;}.elementor-543 .elementor-element.elementor-element-3696b964 > .elementor-element-populated{margin:0px 50px 0px 0px;--e-column-margin-right:50px;--e-column-margin-left:0px;}.elementor-543 .elementor-element.elementor-element-5153afe1 .jeg-elementor-kit.jkit-accordion .card-wrapper.expand .card-header:not(.background-gradient) .card-header-button, .elementor-543 .elementor-element.elementor-element-5153afe1 .jeg-elementor-kit.jkit-accordion .card-wrapper .card-header.background-gradient:after{background-color:var( --e-global-color-accent );}.elementor-543 .elementor-element.elementor-element-5153afe1 .jeg-elementor-kit.jkit-accordion .card-wrapper .card-header:not(.background-gradient) .card-header-button, .elementor-543 .elementor-element.elementor-element-5153afe1 .jeg-elementor-kit.jkit-accordion .card-wrapper .card-header.background-gradient:before{background-color:#F7F7F7;}.elementor-543 .elementor-element.elementor-element-5153afe1 .jeg-elementor-kit.jkit-accordion .card-wrapper .card-header .card-header-button{font-family:var( --e-global-typography-0d4d796-font-family ), Sans-serif;font-size:var( --e-global-typography-0d4d796-font-size );font-weight:var( --e-global-typography-0d4d796-font-weight );line-height:var( --e-global-typography-0d4d796-line-height );word-spacing:var( --e-global-typography-0d4d796-word-spacing );padding:20px 30px 20px 30px;}.elementor-543 .elementor-element.elementor-element-5153afe1 .jeg-elementor-kit.jkit-accordion .card-wrapper.expand .card-header .card-header-button{color:var( --e-global-color-da5f5bf );}.elementor-543 .elementor-element.elementor-element-5153afe1 .jeg-elementor-kit.jkit-accordion .card-wrapper:not(.expand) .card-header .card-header-button{color:var( --e-global-color-primary );border-style:solid;border-width:1px 1px 1px 1px;border-color:#FFFFFF24;}.elementor-543 .elementor-element.elementor-element-5153afe1 .jeg-elementor-kit.jkit-accordion .card-expand .card-body{color:var( --e-global-color-text );font-family:var( --e-global-typography-text-font-family ), Sans-serif;font-size:var( --e-global-typography-text-font-size );font-weight:var( --e-global-typography-text-font-weight );padding:25px 30px 25px 72px;}.elementor-543 .elementor-element.elementor-element-5153afe1 .jeg-elementor-kit.jkit-accordion .card-wrapper .card-header .card-header-button [class*=\"icon-group\"] .active-icon{color:var( --e-global-color-da5f5bf );}.elementor-543 .elementor-element.elementor-element-5153afe1 .jeg-elementor-kit.jkit-accordion .card-wrapper .card-header .card-header-button [class*=\"icon-group\"] .active-icon svg{fill:var( --e-global-color-da5f5bf );}.elementor-543 .elementor-element.elementor-element-5153afe1 .jeg-elementor-kit.jkit-accordion .card-wrapper .card-header .card-header-button [class*=\"icon-group\"] .normal-icon{color:var( --e-global-color-accent );}.elementor-543 .elementor-element.elementor-element-5153afe1 .jeg-elementor-kit.jkit-accordion .card-wrapper .card-header .card-header-button [class*=\"icon-group\"] .normal-icon svg{fill:var( --e-global-color-accent );}.elementor-543 .elementor-element.elementor-element-168f74b5.elementor-column > .elementor-widget-wrap{justify-content:center;}.elementor-543 .elementor-element.elementor-element-168f74b5 > .elementor-element-populated{margin:0px 0px 0px 0px;--e-column-margin-right:0px;--e-column-margin-left:0px;}.elementor-543 .elementor-element.elementor-element-27012102{width:var( --container-widget-width, 82% );max-width:82%;--container-widget-width:82%;--container-widget-flex-grow:0;}@media(max-width:1024px) and (min-width:768px){.elementor-543 .elementor-element.elementor-element-3696b964{width:100%;}.elementor-543 .elementor-element.elementor-element-168f74b5{width:100%;}}@media(max-width:1024px){.elementor-543 .elementor-element.elementor-element-33baa0ac{border-width:0px 20px 0px 20px;margin-top:0px;margin-bottom:0px;padding:80px 10px 80px 10px;}.elementor-543 .elementor-element.elementor-element-434cbce1 .elementor-heading-title{font-size:var( --e-global-typography-177bb3f-font-size );line-height:var( --e-global-typography-177bb3f-line-height );word-spacing:var( --e-global-typography-177bb3f-word-spacing );}.elementor-543 .elementor-element.elementor-element-7ac984e1 .elementor-icon-list-item > .elementor-icon-list-text, .elementor-543 .elementor-element.elementor-element-7ac984e1 .elementor-icon-list-item > a{font-size:var( --e-global-typography-8bae635-font-size );}.elementor-543 .elementor-element.elementor-element-57bd7a47{padding:80px 0px 80px 0px;}.elementor-543 .elementor-element.elementor-element-3696b964 > .elementor-element-populated{margin:0px 10px 0px 10px;--e-column-margin-right:10px;--e-column-margin-left:10px;}.elementor-543 .elementor-element.elementor-element-5153afe1 .jeg-elementor-kit.jkit-accordion .card-wrapper .card-header .card-header-button{font-size:var( --e-global-typography-0d4d796-font-size );line-height:var( --e-global-typography-0d4d796-line-height );word-spacing:var( --e-global-typography-0d4d796-word-spacing );}.elementor-543 .elementor-element.elementor-element-5153afe1 .jeg-elementor-kit.jkit-accordion .card-expand .card-body{font-size:var( --e-global-typography-text-font-size );}.elementor-543 .elementor-element.elementor-element-168f74b5.elementor-column > .elementor-widget-wrap{justify-content:center;}.elementor-543 .elementor-element.elementor-element-168f74b5 > .elementor-element-populated{margin:0px 0px 0px 0px;--e-column-margin-right:0px;--e-column-margin-left:0px;}.elementor-543 .elementor-element.elementor-element-27012102{width:var( --container-widget-width, 60% );max-width:60%;--container-widget-width:60%;--container-widget-flex-grow:0;}}@media(max-width:767px){.elementor-543 .elementor-element.elementor-element-33baa0ac:not(.elementor-motion-effects-element-type-background), .elementor-543 .elementor-element.elementor-element-33baa0ac > .elementor-motion-effects-container > .elementor-motion-effects-layer{background-position:top center;}.elementor-543 .elementor-element.elementor-element-33baa0ac{border-width:0px 15px 0px 15px;margin-top:0px;margin-bottom:0px;padding:50px 10px 50px 10px;}.elementor-543 .elementor-element.elementor-element-434cbce1 .elementor-heading-title{font-size:var( --e-global-typography-177bb3f-font-size );line-height:var( --e-global-typography-177bb3f-line-height );word-spacing:var( --e-global-typography-177bb3f-word-spacing );}.elementor-543 .elementor-element.elementor-element-7ac984e1 > .elementor-widget-container{margin:-5px 0px 0px 0px;}.elementor-543 .elementor-element.elementor-element-7ac984e1 .elementor-icon-list-item > .elementor-icon-list-text, .elementor-543 .elementor-element.elementor-element-7ac984e1 .elementor-icon-list-item > a{font-size:var( --e-global-typography-8bae635-font-size );}.elementor-543 .elementor-element.elementor-element-57bd7a47{padding:50px 5px 50px 5px;}.elementor-543 .elementor-element.elementor-element-3696b964 > .elementor-element-populated{margin:0px 0px 0px 0px;--e-column-margin-right:0px;--e-column-margin-left:0px;}.elementor-543 .elementor-element.elementor-element-5153afe1 .jeg-elementor-kit.jkit-accordion .card-wrapper .card-header .card-header-button{font-size:var( --e-global-typography-0d4d796-font-size );line-height:var( --e-global-typography-0d4d796-line-height );word-spacing:var( --e-global-typography-0d4d796-word-spacing );}.elementor-543 .elementor-element.elementor-element-5153afe1 .jeg-elementor-kit.jkit-accordion .card-expand .card-body{font-size:var( --e-global-typography-text-font-size );}.elementor-543 .elementor-element.elementor-element-27012102{width:var( --container-widget-width, 250px );max-width:250px;--container-widget-width:250px;--container-widget-flex-grow:0;}}<\/style>\t\t<div data-elementor-type=\"wp-page\" data-elementor-id=\"543\" class=\"elementor elementor-543\">\n\t\t\t\t\t\t<section class=\"elementor-section elementor-top-section elementor-element elementor-element-33baa0ac elementor-section-boxed elementor-section-height-default elementor-section-height-default\" data-id=\"33baa0ac\" data-element_type=\"section\" data-settings=\"{&quot;background_background&quot;:&quot;classic&quot;}\">\n\t\t\t\t\t\t\t<div class=\"elementor-background-overlay\"><\/div>\n\t\t\t\t\t\t\t<div class=\"elementor-container elementor-column-gap-default\">\n\t\t\t\t\t<div class=\"elementor-column elementor-col-100 elementor-top-column elementor-element elementor-element-45cc6ea1\" data-id=\"45cc6ea1\" data-element_type=\"column\">\n\t\t\t<div class=\"elementor-widget-wrap elementor-element-populated\">\n\t\t\t\t\t\t<div class=\"elementor-element elementor-element-434cbce1 elementor-widget elementor-widget-heading\" data-id=\"434cbce1\" data-element_type=\"widget\" data-widget_type=\"heading.default\">\n\t\t\t\t<div class=\"elementor-widget-container\">\n\t\t\t\t\t<h2 class=\"elementor-heading-title elementor-size-default\">Ke sta\u017een\u00ed<\/h2>\t\t\t\t<\/div>\n\t\t\t\t<\/div>\n\t\t\t\t<div class=\"elementor-element elementor-element-7ac984e1 elementor-icon-list--layout-inline elementor-align-center elementor-mobile-align-center elementor-list-item-link-full_width elementor-widget elementor-widget-icon-list\" data-id=\"7ac984e1\" data-element_type=\"widget\" data-widget_type=\"icon-list.default\">\n\t\t\t\t<div class=\"elementor-widget-container\">\n\t\t\t\t\t\t\t<ul class=\"elementor-icon-list-items elementor-inline-items\">\n\t\t\t\t\t\t\t<li class=\"elementor-icon-list-item elementor-inline-item\">\n\t\t\t\t\t\t\t\t\t\t\t<a href=\"\/\">\n\n\t\t\t\t\t\t\t\t\t\t\t<span class=\"elementor-icon-list-text\">Hlavn\u00ed str\u00e1nka<\/span>\n\t\t\t\t\t\t\t\t\t\t\t<\/a>\n\t\t\t\t\t\t\t\t\t<\/li>\n\t\t\t\t\t\t\t\t<li class=\"elementor-icon-list-item elementor-inline-item\">\n\t\t\t\t\t\t\t\t\t\t\t<a href=\"http:\/\/ke-stazeni\/\">\n\n\t\t\t\t\t\t\t\t\t\t\t\t<span class=\"elementor-icon-list-icon\">\n\t\t\t\t\t\t\t<i aria-hidden=\"true\" class=\"fas fa-circle\"><\/i>\t\t\t\t\t\t<\/span>\n\t\t\t\t\t\t\t\t\t\t<span class=\"elementor-icon-list-text\">Ke sta\u017een\u00ed<\/span>\n\t\t\t\t\t\t\t\t\t\t\t<\/a>\n\t\t\t\t\t\t\t\t\t<\/li>\n\t\t\t\t\t\t<\/ul>\n\t\t\t\t\t\t<\/div>\n\t\t\t\t<\/div>\n\t\t\t\t\t<\/div>\n\t\t<\/div>\n\t\t\t\t\t<\/div>\n\t\t<\/section>\n\t\t\t\t<section class=\"elementor-section elementor-top-section elementor-element elementor-element-57bd7a47 elementor-section-content-middle elementor-section-boxed elementor-section-height-default elementor-section-height-default\" data-id=\"57bd7a47\" data-element_type=\"section\">\n\t\t\t\t\t\t<div class=\"elementor-container elementor-column-gap-default\">\n\t\t\t\t\t<div class=\"elementor-column elementor-col-50 elementor-top-column elementor-element elementor-element-3696b964\" data-id=\"3696b964\" data-element_type=\"column\">\n\t\t\t<div class=\"elementor-widget-wrap elementor-element-populated\">\n\t\t\t\t\t\t<div class=\"elementor-element elementor-element-5153afe1 elementor-widget elementor-widget-jkit_accordion\" data-id=\"5153afe1\" data-element_type=\"widget\" data-widget_type=\"jkit_accordion.default\">\n\t\t\t\t<div class=\"elementor-widget-container\">\n\t\t\t\t\t<div  class=\"jeg-elementor-kit jkit-accordion style-default jeg_module___69f4296aae2cb\" ><div class=\"card-wrapper expand\">\n                <div class=\"card-header\">\n                    <a href=\"#expand-f4b8cf1\" class=\"card-header-button\" aria-expanded=\"false\" data-target=\"#expand-f4b8cf1\" aria-controls=\"expand-f4b8cf1\">\n                        <div class=\"left-icon-group\">\n                <div class=\"normal-icon\"><i aria-hidden=\"true\" class=\"fas fa-chevron-right\"><\/i><\/div>\n                <div class=\"active-icon\"><i aria-hidden=\"true\" class=\"fas fa-chevron-down\"><\/i><\/div>\n            <\/div><span class=\"title\">P\u0159ihl\u00e1\u0161ka<\/span>\n                    <\/a>\n                <\/div>\n                <div class=\"card-expand\" id=\"expand-f4b8cf1\" style=\"display:block\"><div class=\"card-body\"><p><a title=\"P\u0159ihl\u00e1\u0161ka\" href=\"https:\/\/www.boyokan-aikido.cz\/wp-content\/uploads\/2026\/01\/Aikido-Boyokan-z.s.-prihlaskaprohlaseni.pdf\">Aikido Boyokan z.s. - p\u0159ihl\u00e1\u0161ka+prohlaseni<\/a><\/p><\/div><\/div>\n            <\/div><div class=\"card-wrapper \">\n                <div class=\"card-header\">\n                    <a href=\"#expand-43ac6e0\" class=\"card-header-button\" aria-expanded=\"false\" data-target=\"#expand-43ac6e0\" aria-controls=\"expand-43ac6e0\">\n                        <div class=\"left-icon-group\">\n                <div class=\"normal-icon\"><i aria-hidden=\"true\" class=\"fas fa-chevron-right\"><\/i><\/div>\n                <div class=\"active-icon\"><i aria-hidden=\"true\" class=\"fas fa-chevron-down\"><\/i><\/div>\n            <\/div><span class=\"title\">Let\u00e1k Boyokan A4+9 mal\u00e9<\/span>\n                    <\/a>\n                <\/div>\n                <div class=\"card-expand\" id=\"expand-43ac6e0\" style=\"display:none\"><div class=\"card-body\"><p><a href=\"https:\/\/www.boyokan-aikido.cz\/wp-content\/uploads\/2024\/09\/Boyokan_A49\u0445_letak-1.pdf\">Boyokan_A4+9\u0445_letak (1)<\/a><\/p><\/div><\/div>\n            <\/div><\/div>\t\t\t\t<\/div>\n\t\t\t\t<\/div>\n\t\t\t\t\t<\/div>\n\t\t<\/div>\n\t\t\t\t<div class=\"elementor-column elementor-col-50 elementor-top-column elementor-element elementor-element-168f74b5 elementor-hidden-tablet elementor-hidden-mobile\" data-id=\"168f74b5\" data-element_type=\"column\">\n\t\t\t<div class=\"elementor-widget-wrap elementor-element-populated\">\n\t\t\t\t\t\t<div class=\"elementor-element elementor-element-27012102 elementor-widget__width-initial elementor-widget-tablet__width-initial elementor-widget-mobile__width-initial elementor-widget elementor-widget-image\" data-id=\"27012102\" data-element_type=\"widget\" data-widget_type=\"image.default\">\n\t\t\t\t<div class=\"elementor-widget-container\">\n\t\t\t\t\t\t\t\t\t\t\t\t\t\t\t<img decoding=\"async\" src=\"https:\/\/www.boyokan-aikido.cz\/wp-content\/uploads\/elementor\/thumbs\/download-qg9vijukdyofdv0cjx8giuzezv5q28k5tua6rl9ay8.jpg\" title=\"download\" alt=\"download\" loading=\"lazy\" \/>\t\t\t\t\t\t\t\t\t\t\t\t\t\t\t<\/div>\n\t\t\t\t<\/div>\n\t\t\t\t\t<\/div>\n\t\t<\/div>\n\t\t\t\t\t<\/div>\n\t\t<\/section>\n\t\t\t\t<\/div>\n\t\t","protected":false},"excerpt":{"rendered":"<p>Ke sta\u017een\u00ed Hlavn\u00ed str\u00e1nka Ke sta\u017een\u00ed P\u0159ihl\u00e1\u0161ka Aikido Boyokan z.s. &#8211; p\u0159ihl\u00e1\u0161ka+prohlaseni Let\u00e1k Boyokan A4+9 mal\u00e9 Boyokan_A4+9\u0445_letak (1)<\/p>\n","protected":false},"author":37,"featured_media":0,"parent":0,"menu_order":0,"comment_status":"closed","ping_status":"closed","template":"elementor_header_footer","meta":{"footnotes":""},"class_list":["post-543","page","type-page","status-publish","hentry"],"_links":{"self":[{"href":"https:\/\/www.boyokan-aikido.cz\/cs\/wp-json\/wp\/v2\/pages\/543","targetHints":{"allow":["GET"]}}],"collection":[{"href":"https:\/\/www.boyokan-aikido.cz\/cs\/wp-json\/wp\/v2\/pages"}],"about":[{"href":"https:\/\/www.boyokan-aikido.cz\/cs\/wp-json\/wp\/v2\/types\/page"}],"author":[{"embeddable":true,"href":"https:\/\/www.boyokan-aikido.cz\/cs\/wp-json\/wp\/v2\/users\/37"}],"replies":[{"embeddable":true,"href":"https:\/\/www.boyokan-aikido.cz\/cs\/wp-json\/wp\/v2\/comments?post=543"}],"version-history":[{"count":57,"href":"https:\/\/www.boyokan-aikido.cz\/cs\/wp-json\/wp\/v2\/pages\/543\/revisions"}],"predecessor-version":[{"id":2005,"href":"https:\/\/www.boyokan-aikido.cz\/cs\/wp-json\/wp\/v2\/pages\/543\/revisions\/2005"}],"wp:attachment":[{"href":"https:\/\/www.boyokan-aikido.cz\/cs\/wp-json\/wp\/v2\/media?parent=543"}],"curies":[{"name":"wp","href":"https:\/\/api.w.org\/{rel}","templated":true}]}}